{"id":2986,"date":"2024-02-11T15:41:51","date_gmt":"2024-02-11T15:41:51","guid":{"rendered":"https:\/\/upmercosur.org\/site\/?page_id=2986"},"modified":"2024-02-11T15:45:08","modified_gmt":"2024-02-11T15:45:08","slug":"presidencia","status":"publish","type":"page","link":"https:\/\/upmercosur.org\/site\/presidencia\/","title":{"rendered":"Presidencia"},"content":{"rendered":"\n<p>El diputado estatal Valdemar J\u00fanior (Republicanos), fue ascendido al cargo de presidente de la Uni\u00f3n de Parlamentarios Sudamericanos y del Mercosur \u2013 UPM, durante la Asamblea General Ordinaria de la entidad, que tuvo lugar en la ma\u00f1ana de este viernes 23, en la sede del Poder Legislativo de Argentina, en Buenos Aires.<\/p>\n\n\n\n<p>Valdemar J\u00fanior fue elegido por unanimidad de los miembros de la entidad, junto con la nueva direcci\u00f3n ejecutiva, en la Asamblea General Ordinaria, celebrada el 17 de mayo, en la Asamblea Legislativa de Tocantins, en Palmas.<\/p>\n\n\n\n<p>En su discurso, el nuevo presidente de la UPM se comprometi\u00f3 a continuar haciendo el trabajo realizado por su antecesor, el senador por Argentina, Alejandro Cellillo, que es seguir fortaleciendo y fortaleciendo los v\u00ednculos con el Mercosur y los pa\u00edses de Am\u00e9rica Latina.<\/p>\n\n\n\n<figure class=\"wp-block-video\"><video height=\"1280\" style=\"aspect-ratio: 720 \/ 1280;\" width=\"720\" autoplay controls src=\"https:\/\/upmercosur.org\/site\/wp-content\/uploads\/2023\/10\/presidenteUPM.mp4\"><\/video><\/figure>\n","protected":false},"excerpt":{"rendered":"<p>El diputado estatal Valdemar J\u00fanior (Republicanos), fue ascendido al cargo de presidente de la Uni\u00f3n de Parlamentarios Sudamericanos y del Mercosur \u2013 UPM, durante la Asamblea General Ordinaria de la entidad, que tuvo lugar en la ma\u00f1ana de este viernes 23, en la sede del Poder Legislativo de Argentina, en Buenos Aires. Valdemar J\u00fanior fue [&hellip;]<\/p>\n","protected":false},"author":2,"featured_media":2908,"parent":0,"menu_order":0,"comment_status":"closed","ping_status":"closed","template":"","meta":{"pgc_sgb_lightbox_settings":"","footnotes":""},"class_list":["post-2986","page","type-page","status-publish","has-post-thumbnail"],"_links":{"self":[{"href":"https:\/\/upmercosur.org\/site\/wp-json\/wp\/v2\/pages\/2986","targetHints":{"allow":["GET"]}}],"collection":[{"href":"https:\/\/upmercosur.org\/site\/wp-json\/wp\/v2\/pages"}],"about":[{"href":"https:\/\/upmercosur.org\/site\/wp-json\/wp\/v2\/types\/page"}],"author":[{"embeddable":true,"href":"https:\/\/upmercosur.org\/site\/wp-json\/wp\/v2\/users\/2"}],"replies":[{"embeddable":true,"href":"https:\/\/upmercosur.org\/site\/wp-json\/wp\/v2\/comments?post=2986"}],"version-history":[{"count":2,"href":"https:\/\/upmercosur.org\/site\/wp-json\/wp\/v2\/pages\/2986\/revisions"}],"predecessor-version":[{"id":2988,"href":"https:\/\/upmercosur.org\/site\/wp-json\/wp\/v2\/pages\/2986\/revisions\/2988"}],"wp:featuredmedia":[{"embeddable":true,"href":"https:\/\/upmercosur.org\/site\/wp-json\/wp\/v2\/media\/2908"}],"wp:attachment":[{"href":"https:\/\/upmercosur.org\/site\/wp-json\/wp\/v2\/media?parent=2986"}],"curies":[{"name":"wp","href":"https:\/\/api.w.org\/{rel}","templated":true}]}}